{"id":27,"date":"2022-09-20T12:52:56","date_gmt":"2022-09-20T12:52:56","guid":{"rendered":"https:\/\/mediaking.at\/?page_id=27"},"modified":"2023-11-08T22:14:19","modified_gmt":"2023-11-08T22:14:19","slug":"impressum","status":"publish","type":"page","link":"https:\/\/mediaking.at\/index.php\/impressum\/","title":{"rendered":"Impressum"},"content":{"rendered":"<h4>Impressum<\/h4>\n<p><b>Informationen und Offenlegung gem\u00e4\u00df &sect;5 (1) ECG, &sect; 25 MedienG, &sect; 63 GewO und &sect; 14 UGB<\/b><\/p>\n<p><b>Webseitenbetreiber:<\/b> Andre Tanzer, Mediaking KG<\/p>\n<p><b>Anschrift:<\/b> Ruedlstra\u00dfe 13, 2630 Ternitz<\/p>\n<p><b>UID-Nr:<\/b>  <br \/> <b>Gewerbeaufsichtbeh\u00f6rde:<\/b> BH Neunkirchen <br \/> <b>Mitgliedschaften:<\/b>WKO<\/p>\n<p><b>Kontaktdaten:<\/b> <br \/> Telefon: +43 (0) 699 12000 959 <br \/> Email: office@mediaking.at <br \/> Fax: <\/p>\n<p><b>Anwendbare Rechtsvorschrift:<\/b> www.ris.bka.gv.at <br \/> <b>Berufsbezeichnung:<\/b> Versicherungsmarkler<\/p>\n<p><b>Online Streitbeilegung:<\/b> Verbraucher, welche in \u00d6sterreich oder in einem sonstigen Vertragsstaat der ODR-VO niedergelassen sind, haben die M\u00f6glichkeit Probleme bez\u00fcglich dem entgeltlichen Kauf von Waren oder Dienstleistungen im Rahmen einer Online-Streitbeilegung (nach OS, AStG) zu l\u00f6sen. Die Europa\u0308ische Kommission stellt eine Plattform hierf\u00fcr bereit: https:\/\/ec.europa.eu\/consumers\/odr<\/p>\n<p><b>Urheberrecht:<\/b> Die Inhalte dieser Webseite unterliegen, soweit dies rechtlich m\u00f6glich ist, diversen Schutzrechten (z.B dem Urheberrecht). Jegliche Verwendung\/Verbreitung von bereitgestelltem Material, welche urheberrechtlich untersagt ist, bedarf schriftlicher Zustimmung des Webseitenbetreibers.<\/p>\n<p><b>Haftungsausschluss:<\/b> Trotz sorgf\u00e4ltiger inhaltlicher Kontrolle \u00fcbernimmt der Webseitenbetreiber dieser Webseite keine Haftung f\u00fcr die Inhalte externer Links. F\u00fcr den Inhalt der verlinkten Seiten sind ausschlie\u00dflich deren Betreiber verantwortlich. Sollten Sie dennoch auf ausgehende Links aufmerksam werden, welche auf eine Webseite mit rechtswidriger T\u00e4tigkeit\/Information verweisen, ersuchen wir um dementsprechenden Hinweis, um diese nach \u00a7 17 Abs. 2 ECG umgehend zu entfernen.<br \/>Die Urheberrechte Dritter werden vom Betreiber dieser Webseite mit gr\u00f6\u00dfter Sorgfalt beachtet. Sollten Sie trotzdem auf eine Urheberrechtsverletzung aufmerksam werden, bitten wir um einen entsprechenden Hinweis. Bei Bekanntwerden derartiger Rechtsverletzungen werden wir den betroffenen Inhalt umgehend entfernen.<\/p>\n<p>Quelle: <b><a href=\"https:\/\/www.rechtstexte-generator.at\/dsgvo-generator-oesterreich\/\">Datenschutz DSGVO Generator<\/a><\/b> in Kooperation mit <br \/><b><a href=\"https:\/\/www.ortner-rechtsanwalt.at\/rechtsanwalt-eherecht-scheidungsrecht-obsorgerecht\/\">Rechtsanwalt Wien Scheidung<\/a><\/b><\/p>\n","protected":false},"excerpt":{"rendered":"<p>Impressum Informationen und Offenlegung gem\u00e4\u00df &sect;5 (1) ECG, &sect; 25 MedienG, &sect; 63 GewO und &sect; 14 UGB Webseitenbetreiber: Andre Tanzer, Mediaking KG Anschrift: Ruedlstra\u00dfe 13, 2630 Ternitz UID-Nr: Gewerbeaufsichtbeh\u00f6rde: BH Neunkirchen Mitgliedschaften:WKO Kontaktdaten: Telefon: +43 (0) 699 12000 959 Email: office@mediaking.at Fax: Anwendbare Rechtsvorschrift: www.ris.bka.gv.at Berufsbezeichnung: Versicherungsmarkler Online Streitbeilegung: Verbraucher, welche in \u00d6sterreich oder&#8230;<\/p>\n","protected":false},"author":1,"featured_media":0,"parent":0,"menu_order":0,"comment_status":"closed","ping_status":"closed","template":"","meta":{"footnotes":""},"class_list":["post-27","page","type-page","status-publish","hentry"],"yoast_head":"<!-- This site is optimized with the Yoast SEO plugin v27.5 - https:\/\/yoast.com\/product\/yoast-seo-wordpress\/ -->\n<title>Impressum - Mediaking.at - Werbeagentur Ternitz<\/title>\n<meta name=\"robots\" content=\"index, follow, max-snippet:-1, max-image-preview:large, max-video-preview:-1\" \/>\n<link rel=\"canonical\" href=\"https:\/\/mediaking.at\/index.php\/impressum\/\" \/>\n<meta property=\"og:locale\" content=\"de_DE\" \/>\n<meta property=\"og:type\" content=\"article\" \/>\n<meta property=\"og:title\" content=\"Impressum - Mediaking.at - Werbeagentur Ternitz\" \/>\n<meta property=\"og:description\" content=\"Impressum Informationen und Offenlegung gem\u00e4\u00df &sect;5 (1) ECG, &sect; 25 MedienG, &sect; 63 GewO und &sect; 14 UGB Webseitenbetreiber: Andre Tanzer, Mediaking KG Anschrift: Ruedlstra\u00dfe 13, 2630 Ternitz UID-Nr: Gewerbeaufsichtbeh\u00f6rde: BH Neunkirchen Mitgliedschaften:WKO Kontaktdaten: Telefon: +43 (0) 699 12000 959 Email: office@mediaking.at Fax: Anwendbare Rechtsvorschrift: www.ris.bka.gv.at Berufsbezeichnung: Versicherungsmarkler Online Streitbeilegung: Verbraucher, welche in \u00d6sterreich oder...\" \/>\n<meta property=\"og:url\" content=\"https:\/\/mediaking.at\/index.php\/impressum\/\" \/>\n<meta property=\"og:site_name\" content=\"Mediaking.at - Werbeagentur Ternitz\" \/>\n<meta property=\"article:publisher\" content=\"https:\/\/www.facebook.com\/MediaKing.at\/\" \/>\n<meta property=\"article:modified_time\" content=\"2023-11-08T22:14:19+00:00\" \/>\n<meta name=\"twitter:card\" content=\"summary_large_image\" \/>\n<meta name=\"twitter:label1\" content=\"Gesch\u00e4tzte Lesezeit\" \/>\n\t<meta name=\"twitter:data1\" content=\"3\u00a0Minuten\" \/>\n<script type=\"application\/ld+json\" class=\"yoast-schema-graph\">{\"@context\":\"https:\\\/\\\/schema.org\",\"@graph\":[{\"@type\":\"WebPage\",\"@id\":\"https:\\\/\\\/mediaking.at\\\/index.php\\\/impressum\\\/\",\"url\":\"https:\\\/\\\/mediaking.at\\\/index.php\\\/impressum\\\/\",\"name\":\"Impressum - Mediaking.at - Werbeagentur Ternitz\",\"isPartOf\":{\"@id\":\"https:\\\/\\\/mediaking.at\\\/#website\"},\"datePublished\":\"2022-09-20T12:52:56+00:00\",\"dateModified\":\"2023-11-08T22:14:19+00:00\",\"breadcrumb\":{\"@id\":\"https:\\\/\\\/mediaking.at\\\/index.php\\\/impressum\\\/#breadcrumb\"},\"inLanguage\":\"de\",\"potentialAction\":[{\"@type\":\"ReadAction\",\"target\":[\"https:\\\/\\\/mediaking.at\\\/index.php\\\/impressum\\\/\"]}]},{\"@type\":\"BreadcrumbList\",\"@id\":\"https:\\\/\\\/mediaking.at\\\/index.php\\\/impressum\\\/#breadcrumb\",\"itemListElement\":[{\"@type\":\"ListItem\",\"position\":1,\"name\":\"Startseite\",\"item\":\"https:\\\/\\\/mediaking.at\\\/\"},{\"@type\":\"ListItem\",\"position\":2,\"name\":\"Impressum\"}]},{\"@type\":\"WebSite\",\"@id\":\"https:\\\/\\\/mediaking.at\\\/#website\",\"url\":\"https:\\\/\\\/mediaking.at\\\/\",\"name\":\"Mediaking.at - Werbeagentur Ternitz\",\"description\":\"Just another WordPress site\",\"publisher\":{\"@id\":\"https:\\\/\\\/mediaking.at\\\/#organization\"},\"potentialAction\":[{\"@type\":\"SearchAction\",\"target\":{\"@type\":\"EntryPoint\",\"urlTemplate\":\"https:\\\/\\\/mediaking.at\\\/?s={search_term_string}\"},\"query-input\":{\"@type\":\"PropertyValueSpecification\",\"valueRequired\":true,\"valueName\":\"search_term_string\"}}],\"inLanguage\":\"de\"},{\"@type\":\"Organization\",\"@id\":\"https:\\\/\\\/mediaking.at\\\/#organization\",\"name\":\"Mediaking.at - Werbeagentur Ternitz\",\"url\":\"https:\\\/\\\/mediaking.at\\\/\",\"logo\":{\"@type\":\"ImageObject\",\"inLanguage\":\"de\",\"@id\":\"https:\\\/\\\/mediaking.at\\\/#\\\/schema\\\/logo\\\/image\\\/\",\"url\":\"https:\\\/\\\/mediaking.at\\\/wp-content\\\/uploads\\\/2022\\\/09\\\/mediaking_logo_s.svg\",\"contentUrl\":\"https:\\\/\\\/mediaking.at\\\/wp-content\\\/uploads\\\/2022\\\/09\\\/mediaking_logo_s.svg\",\"width\":\"1024\",\"height\":\"1024\",\"caption\":\"Mediaking.at - Werbeagentur Ternitz\"},\"image\":{\"@id\":\"https:\\\/\\\/mediaking.at\\\/#\\\/schema\\\/logo\\\/image\\\/\"},\"sameAs\":[\"https:\\\/\\\/www.facebook.com\\\/MediaKing.at\\\/\"]}]}<\/script>\n<!-- \/ Yoast SEO plugin. -->","yoast_head_json":{"title":"Impressum - Mediaking.at - Werbeagentur Ternitz","robots":{"index":"index","follow":"follow","max-snippet":"max-snippet:-1","max-image-preview":"max-image-preview:large","max-video-preview":"max-video-preview:-1"},"canonical":"https:\/\/mediaking.at\/index.php\/impressum\/","og_locale":"de_DE","og_type":"article","og_title":"Impressum - Mediaking.at - Werbeagentur Ternitz","og_description":"Impressum Informationen und Offenlegung gem\u00e4\u00df &sect;5 (1) ECG, &sect; 25 MedienG, &sect; 63 GewO und &sect; 14 UGB Webseitenbetreiber: Andre Tanzer, Mediaking KG Anschrift: Ruedlstra\u00dfe 13, 2630 Ternitz UID-Nr: Gewerbeaufsichtbeh\u00f6rde: BH Neunkirchen Mitgliedschaften:WKO Kontaktdaten: Telefon: +43 (0) 699 12000 959 Email: office@mediaking.at Fax: Anwendbare Rechtsvorschrift: www.ris.bka.gv.at Berufsbezeichnung: Versicherungsmarkler Online Streitbeilegung: Verbraucher, welche in \u00d6sterreich oder...","og_url":"https:\/\/mediaking.at\/index.php\/impressum\/","og_site_name":"Mediaking.at - Werbeagentur Ternitz","article_publisher":"https:\/\/www.facebook.com\/MediaKing.at\/","article_modified_time":"2023-11-08T22:14:19+00:00","twitter_card":"summary_large_image","twitter_misc":{"Gesch\u00e4tzte Lesezeit":"3\u00a0Minuten"},"schema":{"@context":"https:\/\/schema.org","@graph":[{"@type":"WebPage","@id":"https:\/\/mediaking.at\/index.php\/impressum\/","url":"https:\/\/mediaking.at\/index.php\/impressum\/","name":"Impressum - Mediaking.at - Werbeagentur Ternitz","isPartOf":{"@id":"https:\/\/mediaking.at\/#website"},"datePublished":"2022-09-20T12:52:56+00:00","dateModified":"2023-11-08T22:14:19+00:00","breadcrumb":{"@id":"https:\/\/mediaking.at\/index.php\/impressum\/#breadcrumb"},"inLanguage":"de","potentialAction":[{"@type":"ReadAction","target":["https:\/\/mediaking.at\/index.php\/impressum\/"]}]},{"@type":"BreadcrumbList","@id":"https:\/\/mediaking.at\/index.php\/impressum\/#breadcrumb","itemListElement":[{"@type":"ListItem","position":1,"name":"Startseite","item":"https:\/\/mediaking.at\/"},{"@type":"ListItem","position":2,"name":"Impressum"}]},{"@type":"WebSite","@id":"https:\/\/mediaking.at\/#website","url":"https:\/\/mediaking.at\/","name":"Mediaking.at - Werbeagentur Ternitz","description":"Just another WordPress site","publisher":{"@id":"https:\/\/mediaking.at\/#organization"},"potentialAction":[{"@type":"SearchAction","target":{"@type":"EntryPoint","urlTemplate":"https:\/\/mediaking.at\/?s={search_term_string}"},"query-input":{"@type":"PropertyValueSpecification","valueRequired":true,"valueName":"search_term_string"}}],"inLanguage":"de"},{"@type":"Organization","@id":"https:\/\/mediaking.at\/#organization","name":"Mediaking.at - Werbeagentur Ternitz","url":"https:\/\/mediaking.at\/","logo":{"@type":"ImageObject","inLanguage":"de","@id":"https:\/\/mediaking.at\/#\/schema\/logo\/image\/","url":"https:\/\/mediaking.at\/wp-content\/uploads\/2022\/09\/mediaking_logo_s.svg","contentUrl":"https:\/\/mediaking.at\/wp-content\/uploads\/2022\/09\/mediaking_logo_s.svg","width":"1024","height":"1024","caption":"Mediaking.at - Werbeagentur Ternitz"},"image":{"@id":"https:\/\/mediaking.at\/#\/schema\/logo\/image\/"},"sameAs":["https:\/\/www.facebook.com\/MediaKing.at\/"]}]}},"_links":{"self":[{"href":"https:\/\/mediaking.at\/index.php\/wp-json\/wp\/v2\/pages\/27","targetHints":{"allow":["GET"]}}],"collection":[{"href":"https:\/\/mediaking.at\/index.php\/wp-json\/wp\/v2\/pages"}],"about":[{"href":"https:\/\/mediaking.at\/index.php\/wp-json\/wp\/v2\/types\/page"}],"author":[{"embeddable":true,"href":"https:\/\/mediaking.at\/index.php\/wp-json\/wp\/v2\/users\/1"}],"replies":[{"embeddable":true,"href":"https:\/\/mediaking.at\/index.php\/wp-json\/wp\/v2\/comments?post=27"}],"version-history":[{"count":3,"href":"https:\/\/mediaking.at\/index.php\/wp-json\/wp\/v2\/pages\/27\/revisions"}],"predecessor-version":[{"id":65,"href":"https:\/\/mediaking.at\/index.php\/wp-json\/wp\/v2\/pages\/27\/revisions\/65"}],"wp:attachment":[{"href":"https:\/\/mediaking.at\/index.php\/wp-json\/wp\/v2\/media?parent=27"}],"curies":[{"name":"wp","href":"https:\/\/api.w.org\/{rel}","templated":true}]}}