{"id":3,"date":"2022-09-20T06:29:14","date_gmt":"2022-09-20T06:29:14","guid":{"rendered":"https:\/\/mediaking.at\/?page_id=3"},"modified":"2023-11-08T22:13:08","modified_gmt":"2023-11-08T22:13:08","slug":"privacy-policy","status":"publish","type":"page","link":"https:\/\/mediaking.at\/index.php\/privacy-policy\/","title":{"rendered":"Datenschutzerkl\u00e4rung"},"content":{"rendered":"<h3>Erkl\u00e4rung zur Informationspflicht<\/h3>\n<p>&nbsp;<\/p>\n<p align=\"center\"><strong>Datenschutzerkl\u00e4rung<\/strong><\/p>\n<p>In folgender Datenschutzerkl\u00e4rung informieren wir Sie \u00fcber die wichtigsten Aspekte der Datenverarbeitung im Rahmen unserer Webseite. Wir erheben und verarbeiten personenbezogene Daten nur auf Grundlage der gesetzlichen Bestimmungen (Datenschutzgrundverordnung, Telekommunikationsgesetz 2003).<\/p>\n<p>Sobald Sie als Benutzer auf unsere Webseite zugreifen oder diese besuchen wird Ihre IP-Adresse, Beginn sowie Beginn und Ende der Sitzung erfasst. Dies ist technisch bedingt und stellt somit ein berechtigtes Interesse iSv Art 6 Abs 1 lit f DSGVO.<\/p>\n<h5>Kontakt mit uns<\/h5>\n<p>Wenn Sie uns, entweder \u00fcber unser Kontaktformular auf unserer Webseite, oder per Email kontaktieren, dann werden die von Ihnen an uns \u00fcbermittelten Daten zwecks Bearbeitung Ihrer Anfrage oder f\u00fcr den Fall von weiteren Anschlussfragen f\u00fcr sechs Monate bei uns gespeichert. Es erfolgt, ohne Ihre Einwilligung, keine Weitergabe Ihrer \u00fcbermittelten Daten.<\/p>\n<h5>Cookies<\/h5>\n<p>Unsere Website verwendet so genannte Cookies. Dabei handelt es sich um kleine Textdateien, die mit Hilfe des Browsers auf Ihrem Endger\u00e4t abgelegt werden. Sie richten keinen Schaden an. Wir nutzen Cookies dazu, unser Angebot nutzerfreundlich zu gestalten. Einige Cookies bleiben auf Ihrem Endger\u00e4t gespeichert, bis Sie diese l\u00f6schen. Sie erm\u00f6glichen es uns, Ihren Browser beim n\u00e4chsten Besuch wiederzuerkennen. Wenn Sie dies nicht w\u00fcnschen, so k\u00f6nnen Sie Ihren Browser so einrichten, dass er Sie \u00fcber das Setzen von Cookies informiert und Sie dies nur im Einzelfall erlauben. Bei der Deaktivierung von Cookies kann die Funktionalit\u00e4t unserer Website eingeschr\u00e4nkt sein.<\/p>\n<h5>Server-Log Files<\/h5>\n<p>Diese Webseite und der damit verbundene Provider erhebt im Zuge der Webseitennutzung automatisch Informationen im Rahmen sogenannter \u201eServer-Log Files\u201c. Dies betrifft insbesondere:<\/p>\n<ul>\n<li>IP-Adresse oder Hostname<\/li>\n<li>den verwendeten Browser<\/li>\n<li>Aufenthaltsdauer auf der Webseite sowie Datum und Uhrzeit<\/li>\n<li>aufgerufene Seiten der Webseite<\/li>\n<li>Spracheinstellungen und Betriebssystem<\/li>\n<li>\u201eLeaving-Page\u201c (auf welcher URL hat der Benutzer die Webseite verlassen)<\/li>\n<li>ISP (Internet Service Provider)<\/li>\n<\/ul>\n<p>Diese erhobenen Informationen werden nicht personenbezogen verarbeitet oder mit personenbezogenen Daten in Verbindung gebracht.<\/p>\n<p>Der Webseitenbetreiber beh\u00e4lt es sich vor, im Falle von Bekanntwerden rechtswidriger T\u00e4tigkeiten, diese Daten auszuwerten oder zu \u00fcberpr\u00fcfen.<\/p>\n<h5>Newsletter<\/h5>\n<p>Sie haben die M\u00f6glichkeit, \u00fcber unsere Website unseren Newsletter zu abonnieren. Hierf\u00fcr ben\u00f6tigen wir Ihre E-Mail-Adresse und ihre Erkl\u00e4rung, dass Sie mit dem Bezug des Newsletters einverstanden sind.<\/p>\n<p>Wenn Sie die M\u00f6glichkeit nutzen unseren Newsletter zu abonnieren, wird Ihre Email-Adresse und Ihre Zustimmung\/Einverst\u00e4ndniserkl\u00e4rung \u00fcber den Bezug des Newsletters ben\u00f6tigt. In Folge auf die Anmeldung zu unserem Newsletter, erhalten Sie von uns ein Best\u00e4tigungs-Email mit einem Link zur Anmeldebest\u00e4tigung. Eine Stornierung des Abos ist jederzeit m\u00f6glich. Senden Sie die Stornierung bitte an unsere Email-Adresse: office@mediaking.at.<\/p>\n<p>Ihre Daten im Zusammenhang mit dem Newsletter-Versand werden im Falle einer Stornierung umgehend von uns gel\u00f6scht. Die Rechtm\u00e4\u00dfigkeit der erfolgten Datenverarbeitung bis zum Widerruf, welche aufgrund der Zustimmung passiert ist, wird nicht ber\u00fchrt.<\/p>\n<h5>Ihre Rechte als Betroffener<\/h5>\n<p>Sie als Betroffener haben bez\u00fcglich Ihrer Daten, welche bei uns gespeichert sind grunds\u00e4tzlich ein Recht auf:<\/p>\n<ul>\n<li>Auskunft<\/li>\n<li>L\u00f6schung der Daten<\/li>\n<li>Berichtigung der Daten<\/li>\n<li>\u00dcbertragbarkeit der Daten<\/li>\n<li>Wiederruf und Widerspruch zur Datenverarbeitung<\/li>\n<li>Einschr\u00e4nkung<\/li>\n<\/ul>\n<p>Wenn sie vermuten, dass im Zuge der Verarbeitung Ihrer Daten Verst\u00f6\u00dfe gegen das Datenschutzrecht passiert sind, so haben Sie die M\u00f6glichkeit sich bei uns (office@mediaking.at) oder der Datenschutzbeh\u00f6rde zu beschweren.<\/p>\n<h5>Sie erreichen uns unter folgenden Kontaktdaten:<\/h5>\n<p><b>Webseitenbetreiber:<\/b> Andre Tanzer<br \/><b>Telefonnummer:<\/b> +43 (0) 699 12000 959<br \/><b>Email:<\/b> office@mediaking.at<\/p>\n<p>Quelle: <b><a href=\"https:\/\/www.rechtstexte-generator.at\/dsgvo-generator-oesterreich\/\">Datenschutz DSGVO Generator<\/a><\/b> in Kooperation mit <br \/><b><a href=\"https:\/\/www.ortner-rechtsanwalt.at\/rechtsanwalt-eherecht-scheidungsrecht-obsorgerecht\/\">Rechtsanwalt Wien Scheidung<\/a><\/b><\/p>\n","protected":false},"excerpt":{"rendered":"<p>Erkl\u00e4rung zur Informationspflicht &nbsp; Datenschutzerkl\u00e4rung In folgender Datenschutzerkl\u00e4rung informieren wir Sie \u00fcber die wichtigsten Aspekte der Datenverarbeitung im Rahmen unserer Webseite. Wir erheben und verarbeiten personenbezogene Daten nur auf Grundlage der gesetzlichen Bestimmungen (Datenschutzgrundverordnung, Telekommunikationsgesetz 2003). Sobald Sie als Benutzer auf unsere Webseite zugreifen oder diese besuchen wird Ihre IP-Adresse, Beginn sowie Beginn und Ende&#8230;<\/p>\n","protected":false},"author":1,"featured_media":0,"parent":0,"menu_order":0,"comment_status":"closed","ping_status":"closed","template":"","meta":{"footnotes":""},"class_list":["post-3","page","type-page","status-publish","hentry"],"yoast_head":"<!-- This site is optimized with the Yoast SEO plugin v27.5 - https:\/\/yoast.com\/product\/yoast-seo-wordpress\/ -->\n<title>Datenschutzerkl\u00e4rung - Mediaking.at - Werbeagentur Ternitz<\/title>\n<meta name=\"robots\" content=\"index, follow, max-snippet:-1, max-image-preview:large, max-video-preview:-1\" \/>\n<link rel=\"canonical\" href=\"https:\/\/mediaking.at\/index.php\/privacy-policy\/\" \/>\n<meta property=\"og:locale\" content=\"de_DE\" \/>\n<meta property=\"og:type\" content=\"article\" \/>\n<meta property=\"og:title\" content=\"Datenschutzerkl\u00e4rung - Mediaking.at - Werbeagentur Ternitz\" \/>\n<meta property=\"og:description\" content=\"Erkl\u00e4rung zur Informationspflicht &nbsp; Datenschutzerkl\u00e4rung In folgender Datenschutzerkl\u00e4rung informieren wir Sie \u00fcber die wichtigsten Aspekte der Datenverarbeitung im Rahmen unserer Webseite. Wir erheben und verarbeiten personenbezogene Daten nur auf Grundlage der gesetzlichen Bestimmungen (Datenschutzgrundverordnung, Telekommunikationsgesetz 2003). Sobald Sie als Benutzer auf unsere Webseite zugreifen oder diese besuchen wird Ihre IP-Adresse, Beginn sowie Beginn und Ende...\" \/>\n<meta property=\"og:url\" content=\"https:\/\/mediaking.at\/index.php\/privacy-policy\/\" \/>\n<meta property=\"og:site_name\" content=\"Mediaking.at - Werbeagentur Ternitz\" \/>\n<meta property=\"article:publisher\" content=\"https:\/\/www.facebook.com\/MediaKing.at\/\" \/>\n<meta property=\"article:modified_time\" content=\"2023-11-08T22:13:08+00:00\" \/>\n<meta name=\"twitter:card\" content=\"summary_large_image\" \/>\n<meta name=\"twitter:label1\" content=\"Gesch\u00e4tzte Lesezeit\" \/>\n\t<meta name=\"twitter:data1\" content=\"3\u00a0Minuten\" \/>\n<script type=\"application\/ld+json\" class=\"yoast-schema-graph\">{\"@context\":\"https:\\\/\\\/schema.org\",\"@graph\":[{\"@type\":\"WebPage\",\"@id\":\"https:\\\/\\\/mediaking.at\\\/index.php\\\/privacy-policy\\\/\",\"url\":\"https:\\\/\\\/mediaking.at\\\/index.php\\\/privacy-policy\\\/\",\"name\":\"Datenschutzerkl\u00e4rung - Mediaking.at - Werbeagentur Ternitz\",\"isPartOf\":{\"@id\":\"https:\\\/\\\/mediaking.at\\\/#website\"},\"datePublished\":\"2022-09-20T06:29:14+00:00\",\"dateModified\":\"2023-11-08T22:13:08+00:00\",\"breadcrumb\":{\"@id\":\"https:\\\/\\\/mediaking.at\\\/index.php\\\/privacy-policy\\\/#breadcrumb\"},\"inLanguage\":\"de\",\"potentialAction\":[{\"@type\":\"ReadAction\",\"target\":[\"https:\\\/\\\/mediaking.at\\\/index.php\\\/privacy-policy\\\/\"]}]},{\"@type\":\"BreadcrumbList\",\"@id\":\"https:\\\/\\\/mediaking.at\\\/index.php\\\/privacy-policy\\\/#breadcrumb\",\"itemListElement\":[{\"@type\":\"ListItem\",\"position\":1,\"name\":\"Startseite\",\"item\":\"https:\\\/\\\/mediaking.at\\\/\"},{\"@type\":\"ListItem\",\"position\":2,\"name\":\"Datenschutzerkl\u00e4rung\"}]},{\"@type\":\"WebSite\",\"@id\":\"https:\\\/\\\/mediaking.at\\\/#website\",\"url\":\"https:\\\/\\\/mediaking.at\\\/\",\"name\":\"Mediaking.at - Werbeagentur Ternitz\",\"description\":\"Just another WordPress site\",\"publisher\":{\"@id\":\"https:\\\/\\\/mediaking.at\\\/#organization\"},\"potentialAction\":[{\"@type\":\"SearchAction\",\"target\":{\"@type\":\"EntryPoint\",\"urlTemplate\":\"https:\\\/\\\/mediaking.at\\\/?s={search_term_string}\"},\"query-input\":{\"@type\":\"PropertyValueSpecification\",\"valueRequired\":true,\"valueName\":\"search_term_string\"}}],\"inLanguage\":\"de\"},{\"@type\":\"Organization\",\"@id\":\"https:\\\/\\\/mediaking.at\\\/#organization\",\"name\":\"Mediaking.at - Werbeagentur Ternitz\",\"url\":\"https:\\\/\\\/mediaking.at\\\/\",\"logo\":{\"@type\":\"ImageObject\",\"inLanguage\":\"de\",\"@id\":\"https:\\\/\\\/mediaking.at\\\/#\\\/schema\\\/logo\\\/image\\\/\",\"url\":\"https:\\\/\\\/mediaking.at\\\/wp-content\\\/uploads\\\/2022\\\/09\\\/mediaking_logo_s.svg\",\"contentUrl\":\"https:\\\/\\\/mediaking.at\\\/wp-content\\\/uploads\\\/2022\\\/09\\\/mediaking_logo_s.svg\",\"width\":\"1024\",\"height\":\"1024\",\"caption\":\"Mediaking.at - Werbeagentur Ternitz\"},\"image\":{\"@id\":\"https:\\\/\\\/mediaking.at\\\/#\\\/schema\\\/logo\\\/image\\\/\"},\"sameAs\":[\"https:\\\/\\\/www.facebook.com\\\/MediaKing.at\\\/\"]}]}<\/script>\n<!-- \/ Yoast SEO plugin. -->","yoast_head_json":{"title":"Datenschutzerkl\u00e4rung - Mediaking.at - Werbeagentur Ternitz","robots":{"index":"index","follow":"follow","max-snippet":"max-snippet:-1","max-image-preview":"max-image-preview:large","max-video-preview":"max-video-preview:-1"},"canonical":"https:\/\/mediaking.at\/index.php\/privacy-policy\/","og_locale":"de_DE","og_type":"article","og_title":"Datenschutzerkl\u00e4rung - Mediaking.at - Werbeagentur Ternitz","og_description":"Erkl\u00e4rung zur Informationspflicht &nbsp; Datenschutzerkl\u00e4rung In folgender Datenschutzerkl\u00e4rung informieren wir Sie \u00fcber die wichtigsten Aspekte der Datenverarbeitung im Rahmen unserer Webseite. Wir erheben und verarbeiten personenbezogene Daten nur auf Grundlage der gesetzlichen Bestimmungen (Datenschutzgrundverordnung, Telekommunikationsgesetz 2003). Sobald Sie als Benutzer auf unsere Webseite zugreifen oder diese besuchen wird Ihre IP-Adresse, Beginn sowie Beginn und Ende...","og_url":"https:\/\/mediaking.at\/index.php\/privacy-policy\/","og_site_name":"Mediaking.at - Werbeagentur Ternitz","article_publisher":"https:\/\/www.facebook.com\/MediaKing.at\/","article_modified_time":"2023-11-08T22:13:08+00:00","twitter_card":"summary_large_image","twitter_misc":{"Gesch\u00e4tzte Lesezeit":"3\u00a0Minuten"},"schema":{"@context":"https:\/\/schema.org","@graph":[{"@type":"WebPage","@id":"https:\/\/mediaking.at\/index.php\/privacy-policy\/","url":"https:\/\/mediaking.at\/index.php\/privacy-policy\/","name":"Datenschutzerkl\u00e4rung - Mediaking.at - Werbeagentur Ternitz","isPartOf":{"@id":"https:\/\/mediaking.at\/#website"},"datePublished":"2022-09-20T06:29:14+00:00","dateModified":"2023-11-08T22:13:08+00:00","breadcrumb":{"@id":"https:\/\/mediaking.at\/index.php\/privacy-policy\/#breadcrumb"},"inLanguage":"de","potentialAction":[{"@type":"ReadAction","target":["https:\/\/mediaking.at\/index.php\/privacy-policy\/"]}]},{"@type":"BreadcrumbList","@id":"https:\/\/mediaking.at\/index.php\/privacy-policy\/#breadcrumb","itemListElement":[{"@type":"ListItem","position":1,"name":"Startseite","item":"https:\/\/mediaking.at\/"},{"@type":"ListItem","position":2,"name":"Datenschutzerkl\u00e4rung"}]},{"@type":"WebSite","@id":"https:\/\/mediaking.at\/#website","url":"https:\/\/mediaking.at\/","name":"Mediaking.at - Werbeagentur Ternitz","description":"Just another WordPress site","publisher":{"@id":"https:\/\/mediaking.at\/#organization"},"potentialAction":[{"@type":"SearchAction","target":{"@type":"EntryPoint","urlTemplate":"https:\/\/mediaking.at\/?s={search_term_string}"},"query-input":{"@type":"PropertyValueSpecification","valueRequired":true,"valueName":"search_term_string"}}],"inLanguage":"de"},{"@type":"Organization","@id":"https:\/\/mediaking.at\/#organization","name":"Mediaking.at - Werbeagentur Ternitz","url":"https:\/\/mediaking.at\/","logo":{"@type":"ImageObject","inLanguage":"de","@id":"https:\/\/mediaking.at\/#\/schema\/logo\/image\/","url":"https:\/\/mediaking.at\/wp-content\/uploads\/2022\/09\/mediaking_logo_s.svg","contentUrl":"https:\/\/mediaking.at\/wp-content\/uploads\/2022\/09\/mediaking_logo_s.svg","width":"1024","height":"1024","caption":"Mediaking.at - Werbeagentur Ternitz"},"image":{"@id":"https:\/\/mediaking.at\/#\/schema\/logo\/image\/"},"sameAs":["https:\/\/www.facebook.com\/MediaKing.at\/"]}]}},"_links":{"self":[{"href":"https:\/\/mediaking.at\/index.php\/wp-json\/wp\/v2\/pages\/3","targetHints":{"allow":["GET"]}}],"collection":[{"href":"https:\/\/mediaking.at\/index.php\/wp-json\/wp\/v2\/pages"}],"about":[{"href":"https:\/\/mediaking.at\/index.php\/wp-json\/wp\/v2\/types\/page"}],"author":[{"embeddable":true,"href":"https:\/\/mediaking.at\/index.php\/wp-json\/wp\/v2\/users\/1"}],"replies":[{"embeddable":true,"href":"https:\/\/mediaking.at\/index.php\/wp-json\/wp\/v2\/comments?post=3"}],"version-history":[{"count":3,"href":"https:\/\/mediaking.at\/index.php\/wp-json\/wp\/v2\/pages\/3\/revisions"}],"predecessor-version":[{"id":64,"href":"https:\/\/mediaking.at\/index.php\/wp-json\/wp\/v2\/pages\/3\/revisions\/64"}],"wp:attachment":[{"href":"https:\/\/mediaking.at\/index.php\/wp-json\/wp\/v2\/media?parent=3"}],"curies":[{"name":"wp","href":"https:\/\/api.w.org\/{rel}","templated":true}]}}